{"id":144,"date":"2020-02-26T15:37:30","date_gmt":"2020-02-26T18:37:30","guid":{"rendered":"http:\/\/deixaki.eco.br\/?page_id=144"},"modified":"2024-07-15T13:58:46","modified_gmt":"2024-07-15T16:58:46","slug":"como-funciona","status":"publish","type":"page","link":"https:\/\/deixaki.eco.br\/en\/como-funciona\/","title":{"rendered":"How it Works"},"content":{"rendered":"<p>[et_pb_section fb_built=&#8221;1&#8243; _builder_version=&#8221;4.16&#8243; background_color=&#8221;#ffffff&#8221; background_enable_image=&#8221;off&#8221; custom_padding=&#8221;40px||40px||true|false&#8221; global_colors_info=&#8221;{}&#8221;][et_pb_row _builder_version=&#8221;4.16&#8243; custom_margin=&#8221;|auto|-43px|auto||&#8221; global_colors_info=&#8221;{}&#8221;][et_pb_column type=&#8221;4_4&#8243; _builder_version=&#8221;4.16&#8243; global_colors_info=&#8221;{}&#8221;][et_pb_text _builder_version=&#8221;4.16&#8243; text_text_color=&#8221;#2D2D2D&#8221; text_font_size=&#8221;17px&#8221; header_font=&#8221;Montserrat|300|||||||&#8221; header_text_align=&#8221;center&#8221; header_text_color=&#8221;#E1728E&#8221; header_font_size=&#8221;42px&#8221; header_line_height=&#8221;1.2em&#8221; custom_margin=&#8221;-20px||||false|false&#8221; custom_padding=&#8221;0px||0px||false|false&#8221; global_colors_info=&#8221;{}&#8221;]<\/p>\n<h1><strong>Como Funciona<\/strong><\/h1>\n<p>[\/et_pb_text][et_pb_text _builder_version=&#8221;4.16&#8243; text_font=&#8221;Lato|300|||||||&#8221; text_text_color=&#8221;#3EC5BC&#8221; text_font_size=&#8221;17px&#8221; text_line_height=&#8221;1.5em&#8221; custom_margin=&#8221;-20px||||false|false&#8221; custom_padding=&#8221;||1px|||&#8221; global_colors_info=&#8221;{}&#8221;]<\/p>\n<p style=\"text-align: center;\"><span style=\"font-size: x-large; color: #000000;\">Fa\u00e7a a entrega de seus materiais recicl\u00e1veis e\/ou perigosos e receba pontos triciclo.<\/span><br \/><span style=\"font-size: x-large; color: #000000;\">Veja os tutoriais abaixo e aprenda como participar desse programa repleto de benef\u00edcios!<\/span><\/p>\n<p>[\/et_pb_text][\/et_pb_column][\/et_pb_row][\/et_pb_section][et_pb_section fb_built=&#8221;1&#8243; _builder_version=&#8221;4.16&#8243; background_color=&#8221;#ffffff&#8221; custom_padding=&#8221;39px||39px||true|false&#8221; global_colors_info=&#8221;{}&#8221;][et_pb_row column_structure=&#8221;1_2,1_2&#8243; _builder_version=&#8221;4.16&#8243; custom_padding=&#8221;||40px|||&#8221; global_colors_info=&#8221;{}&#8221;][et_pb_column type=&#8221;1_2&#8243; _builder_version=&#8221;4.16&#8243; global_colors_info=&#8221;{}&#8221;][et_pb_text _builder_version=&#8221;4.16&#8243; text_font=&#8221;Lato|700|||||||&#8221; text_text_color=&#8221;#2D2D2D&#8221; text_font_size=&#8221;18px&#8221; text_line_height=&#8221;1.5em&#8221; custom_margin=&#8221;-20px||||false|false&#8221; global_colors_info=&#8221;{}&#8221;]<\/p>\n<p>Apresenta\u00e7\u00e3o do Deixaki<\/p>\n<p>[\/et_pb_text][et_pb_text _builder_version=&#8221;4.16&#8243; text_font=&#8221;Lato||||||||&#8221; text_text_color=&#8221;#2D2D2D&#8221; text_font_size=&#8221;11px&#8221; text_line_height=&#8221;1.5em&#8221; custom_margin=&#8221;-20px||||false|false&#8221; global_colors_info=&#8221;{}&#8221;]<\/p>\n<p>Anima\u00e7\u00e3o Descritiva<\/p>\n<p>[\/et_pb_text][et_pb_video src=&#8221;https:\/\/www.youtube.com\/watch?v=KJnn2MGkgGg&#8221; _builder_version=&#8221;4.16&#8243; global_colors_info=&#8221;{}&#8221;][\/et_pb_video][\/et_pb_column][et_pb_column type=&#8221;1_2&#8243; _builder_version=&#8221;4.16&#8243; global_colors_info=&#8221;{}&#8221;][et_pb_text _builder_version=&#8221;4.16&#8243; text_font=&#8221;Lato|700|||||||&#8221; text_text_color=&#8221;#2D2D2D&#8221; text_font_size=&#8221;18px&#8221; text_line_height=&#8221;1.5em&#8221; custom_margin=&#8221;-20px||||false|false&#8221; global_colors_info=&#8221;{}&#8221;]<\/p>\n<p>Triciclo Institucional<\/p>\n<p>[\/et_pb_text][et_pb_text _builder_version=&#8221;4.16&#8243; text_font=&#8221;Lato||||||||&#8221; text_text_color=&#8221;#2D2D2D&#8221; text_font_size=&#8221;11px&#8221; text_line_height=&#8221;1.5em&#8221; custom_margin=&#8221;-20px||||false|false&#8221; global_colors_info=&#8221;{}&#8221;]<\/p>\n<p>Mat\u00e9ria Descritiva<\/p>\n<p>[\/et_pb_text][et_pb_video src=&#8221;https:\/\/www.youtube.com\/watch?v=Ex55pskNiko&#038;t=53s&#8221; _builder_version=&#8221;4.16&#8243; global_colors_info=&#8221;{}&#8221;][\/et_pb_video][\/et_pb_column][\/et_pb_row][\/et_pb_section][et_pb_section fb_built=&#8221;1&#8243; _builder_version=&#8221;4.26.0&#8243; background_color=&#8221;#e97e9a&#8221; custom_padding=&#8221;0px|||||&#8221; global_colors_info=&#8221;{}&#8221;][et_pb_row custom_padding_last_edited=&#8221;on|phone&#8221; _builder_version=&#8221;4.26.0&#8243; background_enable_color=&#8221;off&#8221; min_height=&#8221;103px&#8221; custom_margin=&#8221;|auto|8px|auto||&#8221; custom_padding=&#8221;50px||17px||false|false&#8221; custom_padding_tablet=&#8221;50px|25px|30px|25px|false|true&#8221; custom_padding_phone=&#8221;&#8221; global_colors_info=&#8221;{}&#8221;][et_pb_column type=&#8221;4_4&#8243; _builder_version=&#8221;4.16&#8243; global_colors_info=&#8221;{}&#8221;][et_pb_text _builder_version=&#8221;4.26.0&#8243; text_font=&#8221;Montserrat|600|||||||&#8221; text_text_color=&#8221;#FFFFFF&#8221; text_font_size=&#8221;30px&#8221; header_font=&#8221;Montserrat|300|||||||&#8221; header_text_align=&#8221;center&#8221; header_text_color=&#8221;#e1728e&#8221; header_line_height=&#8221;1.2em&#8221; text_orientation=&#8221;center&#8221; custom_margin=&#8221;-20px||20px||false|false&#8221; custom_padding=&#8221;0px||10px||false|false&#8221; global_colors_info=&#8221;{}&#8221;]<\/p>\n<p>D\u00favidas em como utilizar o Deixaki?<\/p>\n<p>[\/et_pb_text][et_pb_text _builder_version=&#8221;4.26.0&#8243; text_font=&#8221;Montserrat||||||||&#8221; text_text_color=&#8221;#96061b&#8221; text_font_size=&#8221;20px&#8221; text_line_height=&#8221;1.5em&#8221; min_height=&#8221;37px&#8221; custom_margin=&#8221;-20px||-14px||false|false&#8221; custom_padding=&#8221;||1px|||&#8221; global_colors_info=&#8221;{}&#8221;]<\/p>\n<div class=\"et_pb_module et_pb_text et_pb_text_37  et_pb_text_align_left et_pb_bg_layout_light\">\n<div class=\"et_pb_text_inner\">\n<p style=\"text-align: center;\">Veja o manual de uso com passo a passo detalhado de como utilizar<\/p>\n<\/div>\n<\/div>\n<p>[\/et_pb_text][\/et_pb_column][\/et_pb_row][et_pb_row _builder_version=&#8221;4.26.0&#8243; background_enable_color=&#8221;off&#8221; min_height=&#8221;100px&#8221; global_colors_info=&#8221;{}&#8221;][et_pb_column type=&#8221;4_4&#8243; _builder_version=&#8221;4.16&#8243; global_colors_info=&#8221;{}&#8221;][et_pb_button button_url=&#8221;@ET-DC@eyJkeW5hbWljIjp0cnVlLCJjb250ZW50IjoicG9zdF9saW5rX3VybF9hdHRhY2htZW50Iiwic2V0dGluZ3MiOnsicG9zdF9pZCI6IjIyNDc4MiJ9fQ==@&#8221; url_new_window=&#8221;on&#8221; button_text=&#8221;Como funciona&#8221; button_alignment=&#8221;center&#8221; button_alignment_tablet=&#8221;center&#8221; button_alignment_phone=&#8221;&#8221; button_alignment_last_edited=&#8221;on|phone&#8221; _builder_version=&#8221;4.26.1&#8243; _dynamic_attributes=&#8221;button_url&#8221; custom_button=&#8221;on&#8221; button_text_size=&#8221;17px&#8221; button_text_color=&#8221;#FFFFFF&#8221; button_bg_color=&#8221;#e97e9a&#8221; button_border_width=&#8221;3px&#8221; button_border_color=&#8221;#FFFFFF&#8221; button_border_radius=&#8221;44px&#8221; button_letter_spacing=&#8221;0px&#8221; button_font=&#8221;Lato|700|||||||&#8221; button_icon=&#8221;&#x35;||divi||400&#8243; button_icon_color=&#8221;#e97e9a&#8221; transform_scale=&#8221;132%|132%&#8221; transform_scale_linked=&#8221;off&#8221; custom_margin=&#8221;||-1px|0px|false|false&#8221; custom_padding=&#8221;5px|30px|5px|30px|true|false&#8221; hover_enabled=&#8221;0&#8243; global_colors_info=&#8221;{}&#8221; button_bg_color__hover_enabled=&#8221;on|hover&#8221; button_bg_color__hover=&#8221;#FFFFFF&#8221; button_bg_enable_color__hover=&#8221;on&#8221; button_border_color__hover_enabled=&#8221;off|desktop&#8221; button_border_color__hover=&#8221;#894a5b&#8221; button_text_color__hover_enabled=&#8221;on|hover&#8221; button_text_color__hover=&#8221;#e97e9a&#8221; button_text_size__hover_enabled=&#8221;off|desktop&#8221; button_text_size__hover=&#8221;25px&#8221; custom_margin__hover_enabled=&#8221;off|desktop&#8221; custom_margin__hover=&#8221;||0px||false|false&#8221; transform_styles__hover_enabled=&#8221;on|desktop&#8221; transform_scale__hover_enabled=&#8221;on|desktop&#8221; transform_translate__hover_enabled=&#8221;on|desktop&#8221; transform_rotate__hover_enabled=&#8221;on|desktop&#8221; transform_skew__hover_enabled=&#8221;on|desktop&#8221; transform_origin__hover_enabled=&#8221;on|desktop&#8221; transform_scale__hover=&#8221;132%|132%&#8221; sticky_enabled=&#8221;0&#8243;][\/et_pb_button][\/et_pb_column][\/et_pb_row][\/et_pb_section][et_pb_section fb_built=&#8221;1&#8243; fullwidth=&#8221;on&#8221; _builder_version=&#8221;4.22.0&#8243; _module_preset=&#8221;default&#8221; global_colors_info=&#8221;{}&#8221;][et_pb_fullwidth_code _builder_version=&#8221;4.22.0&#8243; _module_preset=&#8221;default&#8221; global_colors_info=&#8221;{}&#8221;]<script type=\"text\/javascript\">var mdChatClient=\"4C5BCE1231974166AEFC7496119BDCCD\";<\/script><!-- [et_pb_line_break_holder] --><script src=\"https:\/\/chat.movidesk.com\/Scripts\/chat-widget.min.js\"><\/script>[\/et_pb_fullwidth_code][\/et_pb_section]<\/p>\n","protected":false},"excerpt":{"rendered":"<p>Como FuncionaFa\u00e7a a entrega de seus materiais recicl\u00e1veis e\/ou perigosos e receba pontos triciclo.Veja os tutoriais abaixo e aprenda como participar desse programa repleto de benef\u00edcios!Apresenta\u00e7\u00e3o do DeixakiAnima\u00e7\u00e3o DescritivaTriciclo InstitucionalMat\u00e9ria DescritivaD\u00favidas em como utilizar o Deixaki? Veja o manual de uso com passo a passo detalhado de como utilizar<\/p>","protected":false},"author":1,"featured_media":0,"parent":0,"menu_order":0,"comment_status":"closed","ping_status":"closed","template":"","meta":{"_et_pb_use_builder":"on","_et_pb_old_content":"","_et_gb_content_width":"","footnotes":""},"class_list":["post-144","page","type-page","status-publish","hentry"],"yoast_head":"<!-- This site is optimized with the Yoast SEO plugin v27.4 - https:\/\/yoast.com\/product\/yoast-seo-wordpress\/ -->\n<title>Como Funciona - Deixaki<\/title>\n<meta name=\"description\" content=\"Crie sua conta triciclo e troque seus materiais por pontos triciclo. Veja os tutoriais e aprenda como funciona esse programa repleto de benef\u00edcios!\" \/>\n<meta name=\"robots\" content=\"index, follow, max-snippet:-1, max-image-preview:large, max-video-preview:-1\" \/>\n<link rel=\"canonical\" href=\"https:\/\/deixaki.eco.br\/en\/como-funciona\/\" \/>\n<meta property=\"og:locale\" content=\"en_US\" \/>\n<meta property=\"og:type\" content=\"article\" \/>\n<meta property=\"og:title\" content=\"Como Funciona - Deixaki\" \/>\n<meta property=\"og:description\" content=\"Crie sua conta triciclo e troque seus materiais por pontos triciclo. Veja os tutoriais e aprenda como funciona esse programa repleto de benef\u00edcios!\" \/>\n<meta property=\"og:url\" content=\"https:\/\/deixaki.eco.br\/en\/como-funciona\/\" \/>\n<meta property=\"og:site_name\" content=\"Deixaki\" \/>\n<meta property=\"article:publisher\" content=\"https:\/\/www.facebook.com\/triciclo.eco\/\" \/>\n<meta property=\"article:modified_time\" content=\"2024-07-15T16:58:46+00:00\" \/>\n<meta property=\"og:image\" content=\"https:\/\/deixaki.eco.br\/wp-content\/uploads\/2021\/07\/Deixaki-miniatura.png\" \/>\n\t<meta property=\"og:image:width\" content=\"800\" \/>\n\t<meta property=\"og:image:height\" content=\"800\" \/>\n\t<meta property=\"og:image:type\" content=\"image\/png\" \/>\n<meta name=\"twitter:card\" content=\"summary_large_image\" \/>\n<meta name=\"twitter:site\" content=\"@TricicloEco\" \/>\n<meta name=\"twitter:label1\" content=\"Est. reading time\" \/>\n\t<meta name=\"twitter:data1\" content=\"1 minute\" \/>\n<script type=\"application\/ld+json\" class=\"yoast-schema-graph\">{\"@context\":\"https:\\\/\\\/schema.org\",\"@graph\":[{\"@type\":\"WebPage\",\"@id\":\"https:\\\/\\\/deixaki.eco.br\\\/como-funciona\\\/\",\"url\":\"https:\\\/\\\/deixaki.eco.br\\\/como-funciona\\\/\",\"name\":\"Como Funciona - Deixaki\",\"isPartOf\":{\"@id\":\"https:\\\/\\\/deixaki.eco.br\\\/#website\"},\"datePublished\":\"2020-02-26T18:37:30+00:00\",\"dateModified\":\"2024-07-15T16:58:46+00:00\",\"description\":\"Crie sua conta triciclo e troque seus materiais por pontos triciclo. Veja os tutoriais e aprenda como funciona esse programa repleto de benef\u00edcios!\",\"breadcrumb\":{\"@id\":\"https:\\\/\\\/deixaki.eco.br\\\/como-funciona\\\/#breadcrumb\"},\"inLanguage\":\"en-US\",\"potentialAction\":[{\"@type\":\"ReadAction\",\"target\":[\"https:\\\/\\\/deixaki.eco.br\\\/como-funciona\\\/\"]}]},{\"@type\":\"BreadcrumbList\",\"@id\":\"https:\\\/\\\/deixaki.eco.br\\\/como-funciona\\\/#breadcrumb\",\"itemListElement\":[{\"@type\":\"ListItem\",\"position\":1,\"name\":\"In\u00edcio\",\"item\":\"https:\\\/\\\/deixaki.eco.br\\\/\"},{\"@type\":\"ListItem\",\"position\":2,\"name\":\"Como Funciona\"}]},{\"@type\":\"WebSite\",\"@id\":\"https:\\\/\\\/deixaki.eco.br\\\/#website\",\"url\":\"https:\\\/\\\/deixaki.eco.br\\\/\",\"name\":\"Deixaki\",\"description\":\"Maior e mais diverso ecoponto da Triciclo.\",\"publisher\":{\"@id\":\"https:\\\/\\\/deixaki.eco.br\\\/#organization\"},\"potentialAction\":[{\"@type\":\"SearchAction\",\"target\":{\"@type\":\"EntryPoint\",\"urlTemplate\":\"https:\\\/\\\/deixaki.eco.br\\\/?s={search_term_string}\"},\"query-input\":{\"@type\":\"PropertyValueSpecification\",\"valueRequired\":true,\"valueName\":\"search_term_string\"}}],\"inLanguage\":\"en-US\"},{\"@type\":\"Organization\",\"@id\":\"https:\\\/\\\/deixaki.eco.br\\\/#organization\",\"name\":\"Deixaki\",\"url\":\"https:\\\/\\\/deixaki.eco.br\\\/\",\"logo\":{\"@type\":\"ImageObject\",\"inLanguage\":\"en-US\",\"@id\":\"https:\\\/\\\/deixaki.eco.br\\\/#\\\/schema\\\/logo\\\/image\\\/\",\"url\":\"http:\\\/\\\/deixaki.eco.br\\\/wp-content\\\/uploads\\\/2020\\\/02\\\/Produtos-Logo-dxk.png\",\"contentUrl\":\"http:\\\/\\\/deixaki.eco.br\\\/wp-content\\\/uploads\\\/2020\\\/02\\\/Produtos-Logo-dxk.png\",\"width\":960,\"height\":419,\"caption\":\"Deixaki\"},\"image\":{\"@id\":\"https:\\\/\\\/deixaki.eco.br\\\/#\\\/schema\\\/logo\\\/image\\\/\"},\"sameAs\":[\"https:\\\/\\\/www.facebook.com\\\/triciclo.eco\\\/\",\"https:\\\/\\\/x.com\\\/TricicloEco\",\"https:\\\/\\\/www.instagram.com\\\/triciclo_retornamachine\\\/\",\"https:\\\/\\\/www.youtube.com\\\/channel\\\/UCP04l2mkWSm0xPJDYX95IEA\"]}]}<\/script>\n<!-- \/ Yoast SEO plugin. -->","yoast_head_json":{"title":"Como Funciona - Deixaki","description":"Crie sua conta triciclo e troque seus materiais por pontos triciclo. Veja os tutoriais e aprenda como funciona esse programa repleto de benef\u00edcios!","robots":{"index":"index","follow":"follow","max-snippet":"max-snippet:-1","max-image-preview":"max-image-preview:large","max-video-preview":"max-video-preview:-1"},"canonical":"https:\/\/deixaki.eco.br\/en\/como-funciona\/","og_locale":"en_US","og_type":"article","og_title":"Como Funciona - Deixaki","og_description":"Crie sua conta triciclo e troque seus materiais por pontos triciclo. Veja os tutoriais e aprenda como funciona esse programa repleto de benef\u00edcios!","og_url":"https:\/\/deixaki.eco.br\/en\/como-funciona\/","og_site_name":"Deixaki","article_publisher":"https:\/\/www.facebook.com\/triciclo.eco\/","article_modified_time":"2024-07-15T16:58:46+00:00","og_image":[{"width":800,"height":800,"url":"https:\/\/deixaki.eco.br\/wp-content\/uploads\/2021\/07\/Deixaki-miniatura.png","type":"image\/png"}],"twitter_card":"summary_large_image","twitter_site":"@TricicloEco","twitter_misc":{"Est. reading time":"1 minute"},"schema":{"@context":"https:\/\/schema.org","@graph":[{"@type":"WebPage","@id":"https:\/\/deixaki.eco.br\/como-funciona\/","url":"https:\/\/deixaki.eco.br\/como-funciona\/","name":"Como Funciona - Deixaki","isPartOf":{"@id":"https:\/\/deixaki.eco.br\/#website"},"datePublished":"2020-02-26T18:37:30+00:00","dateModified":"2024-07-15T16:58:46+00:00","description":"Crie sua conta triciclo e troque seus materiais por pontos triciclo. Veja os tutoriais e aprenda como funciona esse programa repleto de benef\u00edcios!","breadcrumb":{"@id":"https:\/\/deixaki.eco.br\/como-funciona\/#breadcrumb"},"inLanguage":"en-US","potentialAction":[{"@type":"ReadAction","target":["https:\/\/deixaki.eco.br\/como-funciona\/"]}]},{"@type":"BreadcrumbList","@id":"https:\/\/deixaki.eco.br\/como-funciona\/#breadcrumb","itemListElement":[{"@type":"ListItem","position":1,"name":"In\u00edcio","item":"https:\/\/deixaki.eco.br\/"},{"@type":"ListItem","position":2,"name":"Como Funciona"}]},{"@type":"WebSite","@id":"https:\/\/deixaki.eco.br\/#website","url":"https:\/\/deixaki.eco.br\/","name":"Deixaki","description":"Maior e mais diverso ecoponto da Triciclo.","publisher":{"@id":"https:\/\/deixaki.eco.br\/#organization"},"potentialAction":[{"@type":"SearchAction","target":{"@type":"EntryPoint","urlTemplate":"https:\/\/deixaki.eco.br\/?s={search_term_string}"},"query-input":{"@type":"PropertyValueSpecification","valueRequired":true,"valueName":"search_term_string"}}],"inLanguage":"en-US"},{"@type":"Organization","@id":"https:\/\/deixaki.eco.br\/#organization","name":"Deixaki","url":"https:\/\/deixaki.eco.br\/","logo":{"@type":"ImageObject","inLanguage":"en-US","@id":"https:\/\/deixaki.eco.br\/#\/schema\/logo\/image\/","url":"http:\/\/deixaki.eco.br\/wp-content\/uploads\/2020\/02\/Produtos-Logo-dxk.png","contentUrl":"http:\/\/deixaki.eco.br\/wp-content\/uploads\/2020\/02\/Produtos-Logo-dxk.png","width":960,"height":419,"caption":"Deixaki"},"image":{"@id":"https:\/\/deixaki.eco.br\/#\/schema\/logo\/image\/"},"sameAs":["https:\/\/www.facebook.com\/triciclo.eco\/","https:\/\/x.com\/TricicloEco","https:\/\/www.instagram.com\/triciclo_retornamachine\/","https:\/\/www.youtube.com\/channel\/UCP04l2mkWSm0xPJDYX95IEA"]}]}},"_links":{"self":[{"href":"https:\/\/deixaki.eco.br\/en\/wp-json\/wp\/v2\/pages\/144","targetHints":{"allow":["GET"]}}],"collection":[{"href":"https:\/\/deixaki.eco.br\/en\/wp-json\/wp\/v2\/pages"}],"about":[{"href":"https:\/\/deixaki.eco.br\/en\/wp-json\/wp\/v2\/types\/page"}],"author":[{"embeddable":true,"href":"https:\/\/deixaki.eco.br\/en\/wp-json\/wp\/v2\/users\/1"}],"replies":[{"embeddable":true,"href":"https:\/\/deixaki.eco.br\/en\/wp-json\/wp\/v2\/comments?post=144"}],"version-history":[{"count":56,"href":"https:\/\/deixaki.eco.br\/en\/wp-json\/wp\/v2\/pages\/144\/revisions"}],"predecessor-version":[{"id":224783,"href":"https:\/\/deixaki.eco.br\/en\/wp-json\/wp\/v2\/pages\/144\/revisions\/224783"}],"wp:attachment":[{"href":"https:\/\/deixaki.eco.br\/en\/wp-json\/wp\/v2\/media?parent=144"}],"curies":[{"name":"wp","href":"https:\/\/api.w.org\/{rel}","templated":true}]}}